{"id":125,"date":"2026-03-06T10:43:50","date_gmt":"2026-03-06T10:43:50","guid":{"rendered":"https:\/\/demnathostservices.com\/?page_id=125"},"modified":"2026-04-01T15:26:13","modified_gmt":"2026-04-01T15:26:13","slug":"nous-contacter","status":"publish","type":"page","link":"https:\/\/demnathostservices.com\/index.php\/nous-contacter\/","title":{"rendered":"Nous contacter"},"content":{"rendered":"\t\t<div data-elementor-type=\"wp-page\" data-elementor-id=\"125\" class=\"elementor elementor-125\">\n\t\t\t\t<div class=\"elementor-element elementor-element-78667d6 e-con-full e-flex e-con e-parent\" data-id=\"78667d6\" data-element_type=\"container\" data-e-type=\"container\">\n\t\t\t\t<div class=\"elementor-element elementor-element-a7ef4b7 elementor-widget elementor-widget-html\" data-id=\"a7ef4b7\" data-element_type=\"widget\" data-e-type=\"widget\" data-widget_type=\"html.default\">\n\t\t\t\t\t<div style=\"font-family: Arial, sans-serif; max-width: 100%; margin: 0 auto;\">\n\n  <!-- Bloc intro -->\n  <div style=\"\n    background:#e6dfd2;\n    border-radius:20px;\n    padding:34px 28px;\n    text-align:center;\n    margin-bottom:28px;\n  \">\n    <h2 style=\"\n      margin:0 0 18px;\n      color:#1f3766;\n      font-size:clamp(30px, 4vw, 56px);\n      font-weight:800;\n      line-height:1.15;\n    \">\n      \u00c9crivons Ensemble Votre Prochain Chapitre au Maroc\n    <\/h2>\n    <p style=\"\n      margin:0;\n      color:#6f6f6f;\n      font-size:clamp(22px, 2vw, 32px);\n      line-height:1.4;\n      font-weight:500;\n    \">\n      Contactez-nous pour construire votre s\u00e9jour sur mesure, discuter de la gestion de votre bien,<br>\n      ou planifier le s\u00e9jour \u00e9ducatif de votre institution.\n    <\/p>\n  <\/div>\n\n  <!-- Titre coordonn\u00e9es -->\n  <div style=\"display:flex; align-items:center; gap:14px; margin-bottom:14px; flex-wrap:wrap;\">\n    <div style=\"width:18px; height:18px; background:#9b3f2d; transform:rotate(45deg); flex:0 0 auto;\"><\/div>\n    <h2 style=\"\n      margin:0;\n      color:#9b3f2d;\n      font-size:clamp(28px, 4vw, 54px);\n      font-weight:800;\n      line-height:1.1;\n    \">\n      Coordonn\u00e9es\n    <\/h2>\n  <\/div>\n\n  <div style=\"height:3px; background:#9b3f2d; margin-bottom:28px;\"><\/div>\n\n  <!-- Grille coordonn\u00e9es -->\n  <div style=\"\n    display:grid;\n    grid-template-columns:repeat(auto-fit, minmax(320px, 1fr));\n    gap:34px 70px;\n  \">\n\n    <div style=\"background:#e6dfd2; border-radius:0 0 20px 20px; overflow:hidden;\">\n      <div style=\"height:14px; background:#9b3f2d;\"><\/div>\n      <div style=\"padding:28px 32px 26px;\">\n        <div style=\"color:#6f6f6f; font-size:clamp(22px, 1.8vw, 30px); font-weight:600; margin-bottom:22px;\">\n          \u25a0 T\u00e9l\u00e9phone Maroc\n        <\/div>\n        <div style=\"color:#111; font-size:clamp(26px, 2.2vw, 3px); font-weight:800; line-height:1.2;\">\n          +212 6 42 42 73 56\n        <\/div>\n      <\/div>\n    <\/div>\n\n    <div style=\"background:#e6dfd2; border-radius:0 0 20px 20px; overflow:hidden;\">\n      <div style=\"height:14px; background:#1f3766;\"><\/div>\n      <div style=\"padding:28px 32px 26px;\">\n        <div style=\"color:#6f6f6f; font-size:clamp(22px, 1.8vw, 30px); font-weight:600; margin-bottom:22px;\">\n          \u25a0 T\u00e9l\u00e9phone France\n        <\/div>\n        <div style=\"color:#111; font-size:clamp(26px, 2.2vw, 4px); font-weight:800; line-height:1.2;\">\n          +33 6 11 11 40 87\n        <\/div>\n      <\/div>\n    <\/div>\n\n    <div style=\"background:#e6dfd2; border-radius:0 0 20px 20px; overflow:hidden;\">\n      <div style=\"height:14px; background:#9b3f2d;\"><\/div>\n      <div style=\"padding:28px 32px 26px;\">\n        <div style=\"color:#6f6f6f; font-size:clamp(22px, 1.8vw, 30px); font-weight:600; margin-bottom:22px;\">\n          \u2709 E-mail\n        <\/div>\n        <div style=\"color:#111; font-size:clamp(26px, 2.2vw, px); font-weight:800; line-height:1.2; word-break:break-word;\">\n          contact@demnathostservices.com\n        <\/div>\n      <\/div>\n    <\/div>\n\n    <div style=\"background:#e6dfd2; border-radius:0 0 20px 20px; overflow:hidden;\">\n      <div style=\"height:14px; background:#1f3766;\"><\/div>\n      <div style=\"padding:28px 32px 26px;\">\n        <div style=\"color:#6f6f6f; font-size:clamp(22px, 1.8vw, 30px); font-weight:600; margin-bottom:22px;\">\n          \u25a0 Site Web\n        <\/div>\n        <div style=\"color:#111; font-size:clamp(26px, 2.2vw, px); font-weight:800; line-height:1.2; word-break:break-word;\">\n          www.demnathostservices.com\n        <\/div>\n      <\/div>\n    <\/div>\n\n  <\/div>\n<\/div>\t\t\t\t<\/div>\n\t\t\t\t<div class=\"elementor-element elementor-element-565e810 elementor-widget elementor-widget-heading\" data-id=\"565e810\" data-element_type=\"widget\" data-e-type=\"widget\" data-widget_type=\"heading.default\">\n\t\t\t\t\t<h1 class=\"elementor-heading-title elementor-size-default\">Vous souhaitez \u00eatre contact\u00e9 ? Laissez-nous vos coordonn\u00e9es.<\/h1>\t\t\t\t<\/div>\n\t\t\t\t<div class=\"elementor-element elementor-element-0269a3b elementor-widget elementor-widget-wpforms\" data-id=\"0269a3b\" data-element_type=\"widget\" data-e-type=\"widget\" data-widget_type=\"wpforms.default\">\n\t\t\t\t<div class=\"elementor-widget-container\">\n\t\t\t\t\t<div class=\"wpforms-container wpforms-container-full wpforms-render-modern\" id=\"wpforms-56\"><form id=\"wpforms-form-56\" class=\"wpforms-validate wpforms-form wpforms-ajax-form\" data-formid=\"56\" method=\"post\" enctype=\"multipart\/form-data\" action=\"\/index.php\/wp-json\/wp\/v2\/pages\/125\" data-token=\"d4f1df23006783451441764a4e567d1a\" data-token-time=\"1775819927\"><noscript class=\"wpforms-error-noscript\">Veuillez activer JavaScript dans votre navigateur pour remplir ce formulaire.<\/noscript><div id=\"wpforms-error-noscript\" style=\"display: none;\">Veuillez activer JavaScript dans votre navigateur pour remplir ce formulaire.<\/div><div class=\"wpforms-field-container\"><div id=\"wpforms-56-field_1-container\" class=\"wpforms-field wpforms-field-name\" data-field-id=\"1\"><fieldset><legend class=\"wpforms-field-label\">Nom <span class=\"wpforms-required-label\" aria-hidden=\"true\">*<\/span><\/legend><div class=\"wpforms-field-row wpforms-field-medium\"><div class=\"wpforms-field-row-block wpforms-first wpforms-one-half\"><input type=\"text\" id=\"wpforms-56-field_1\" class=\"wpforms-field-name-first wpforms-field-required\" name=\"wpforms[fields][1][first]\" aria-errormessage=\"wpforms-56-field_1-error\" required><label for=\"wpforms-56-field_1\" class=\"wpforms-field-sublabel after\">Pr\u00e9nom<\/label><\/div><div class=\"wpforms-field-row-block wpforms-one-half\"><input type=\"text\" id=\"wpforms-56-field_1-last\" class=\"wpforms-field-name-last wpforms-field-required\" name=\"wpforms[fields][1][last]\" aria-errormessage=\"wpforms-56-field_1-last-error\" required><label for=\"wpforms-56-field_1-last\" class=\"wpforms-field-sublabel after\">Nom<\/label><\/div><\/div><\/fieldset><\/div><div id=\"wpforms-56-field_2-container\" class=\"wpforms-field wpforms-field-email\" data-field-id=\"2\"><label class=\"wpforms-field-label\" for=\"wpforms-56-field_2\">E-mail <span class=\"wpforms-required-label\" aria-hidden=\"true\">*<\/span><\/label><input type=\"email\" id=\"wpforms-56-field_2\" class=\"wpforms-field-medium wpforms-field-required\" name=\"wpforms[fields][2]\" spellcheck=\"false\" aria-errormessage=\"wpforms-56-field_2-error\" required><\/div>\t\t<div id=\"wpforms-56-field_4-container\"\n\t\t\tclass=\"wpforms-field wpforms-field-text\"\n\t\t\tdata-field-type=\"text\"\n\t\t\tdata-field-id=\"4\"\n\t\t\t>\n\t\t\t<label class=\"wpforms-field-label\" for=\"wpforms-56-field_4\" >E-mail Commentaire ou<\/label>\n\t\t\t<input type=\"text\" id=\"wpforms-56-field_4\" class=\"wpforms-field-medium\" name=\"wpforms[fields][4]\" >\n\t\t<\/div>\n\t\t<div id=\"wpforms-56-field_3-container\" class=\"wpforms-field wpforms-field-textarea\" data-field-id=\"3\"><label class=\"wpforms-field-label\" for=\"wpforms-56-field_3\">Commentaire ou message<\/label><textarea id=\"wpforms-56-field_3\" class=\"wpforms-field-medium\" name=\"wpforms[fields][3]\" aria-errormessage=\"wpforms-56-field_3-error\" ><\/textarea><\/div><script>\n\t\t\t\t( function() {\n\t\t\t\t\tconst style = document.createElement( 'style' );\n\t\t\t\t\tstyle.appendChild( document.createTextNode( '#wpforms-56-field_4-container { position: absolute !important; overflow: hidden !important; display: inline !important; height: 1px !important; width: 1px !important; z-index: -1000 !important; padding: 0 !important; } #wpforms-56-field_4-container input { visibility: hidden; } #wpforms-conversational-form-page #wpforms-56-field_4-container label { counter-increment: none; }' ) );\n\t\t\t\t\tdocument.head.appendChild( style );\n\t\t\t\t\tdocument.currentScript?.remove();\n\t\t\t\t} )();\n\t\t\t<\/script><\/div><!-- .wpforms-field-container --><div class=\"wpforms-submit-container\" ><input type=\"hidden\" name=\"wpforms[id]\" value=\"56\"><input type=\"hidden\" name=\"page_title\" value=\"\"><input type=\"hidden\" name=\"page_url\" value=\"https:\/\/demnathostservices.com\/index.php\/wp-json\/wp\/v2\/pages\/125\"><input type=\"hidden\" name=\"url_referer\" value=\"\"><button type=\"submit\" name=\"wpforms[submit]\" id=\"wpforms-submit-56\" class=\"wpforms-submit\" data-alt-text=\"Envoi...\" data-submit-text=\"Envoyer\" aria-live=\"assertive\" value=\"wpforms-submit\">Envoyer<\/button><img decoding=\"async\" src=\"https:\/\/demnathostservices.com\/wp-content\/plugins\/wpforms-lite\/assets\/images\/submit-spin.svg\" class=\"wpforms-submit-spinner\" style=\"display: none;\" width=\"26\" height=\"26\" alt=\"Chargement en cours\"><\/div><\/form><\/div>  <!-- .wpforms-container -->\t\t\t\t<\/div>\n\t\t\t\t<\/div>\n\t\t\t\t<\/div>\n\t\t\t\t<\/div>\n\t\t","protected":false},"excerpt":{"rendered":"<p>\u00c9crivons Ensemble Votre Prochain Chapitre au Maroc Contactez-nous pour construire votre s\u00e9jour sur mesure, discuter de la gestion de votre [&hellip;]<\/p>\n","protected":false},"author":1,"featured_media":0,"parent":0,"menu_order":0,"comment_status":"closed","ping_status":"closed","template":"elementor_header_footer","meta":{"site-sidebar-layout":"no-sidebar","site-content-layout":"","ast-site-content-layout":"full-width-container","site-content-style":"default","site-sidebar-style":"default","ast-global-header-display":"","ast-banner-title-visibility":"","ast-main-header-display":"","ast-hfb-above-header-display":"","ast-hfb-below-header-display":"","ast-hfb-mobile-header-display":"","site-post-title":"","ast-breadcrumbs-content":"","ast-featured-img":"disabled","footer-sml-layout":"","ast-disable-related-posts":"","theme-transparent-header-meta":"","adv-header-id-meta":"","stick-header-meta":"","header-above-stick-meta":"","header-main-stick-meta":"","header-below-stick-meta":"","astra-migrate-meta-layouts":"default","ast-page-background-enabled":"default","ast-page-background-meta":{"desktop":{"background-color":"var(--ast-global-color-5)","background-image":"","background-repeat":"repeat","background-position":"center center","background-size":"auto","background-attachment":"scroll","background-type":"","background-media":"","overlay-type":"","overlay-color":"","overlay-opacity":"","overlay-gradient":""},"tablet":{"background-color":"","background-image":"","background-repeat":"repeat","background-position":"center center","background-size":"auto","background-attachment":"scroll","background-type":"","background-media":"","overlay-type":"","overlay-color":"","overlay-opacity":"","overlay-gradient":""},"mobile":{"background-color":"","background-image":"","background-repeat":"repeat","background-position":"center center","background-size":"auto","background-attachment":"scroll","background-type":"","background-media":"","overlay-type":"","overlay-color":"","overlay-opacity":"","overlay-gradient":""}},"ast-content-background-meta":{"desktop":{"background-color":"var(--ast-global-color-4)","background-image":"","background-repeat":"repeat","background-position":"center center","background-size":"auto","background-attachment":"scroll","background-type":"","background-media":"","overlay-type":"","overlay-color":"","overlay-opacity":"","overlay-gradient":""},"tablet":{"background-color":"var(--ast-global-color-4)","background-image":"","background-repeat":"repeat","background-position":"center center","background-size":"auto","background-attachment":"scroll","background-type":"","background-media":"","overlay-type":"","overlay-color":"","overlay-opacity":"","overlay-gradient":""},"mobile":{"background-color":"var(--ast-global-color-4)","background-image":"","background-repeat":"repeat","background-position":"center center","background-size":"auto","background-attachment":"scroll","background-type":"","background-media":"","overlay-type":"","overlay-color":"","overlay-opacity":"","overlay-gradient":""}},"footnotes":""},"class_list":["post-125","page","type-page","status-publish","hentry"],"_links":{"self":[{"href":"https:\/\/demnathostservices.com\/index.php\/wp-json\/wp\/v2\/pages\/125","targetHints":{"allow":["GET"]}}],"collection":[{"href":"https:\/\/demnathostservices.com\/index.php\/wp-json\/wp\/v2\/pages"}],"about":[{"href":"https:\/\/demnathostservices.com\/index.php\/wp-json\/wp\/v2\/types\/page"}],"author":[{"embeddable":true,"href":"https:\/\/demnathostservices.com\/index.php\/wp-json\/wp\/v2\/users\/1"}],"replies":[{"embeddable":true,"href":"https:\/\/demnathostservices.com\/index.php\/wp-json\/wp\/v2\/comments?post=125"}],"version-history":[{"count":7,"href":"https:\/\/demnathostservices.com\/index.php\/wp-json\/wp\/v2\/pages\/125\/revisions"}],"predecessor-version":[{"id":285,"href":"https:\/\/demnathostservices.com\/index.php\/wp-json\/wp\/v2\/pages\/125\/revisions\/285"}],"wp:attachment":[{"href":"https:\/\/demnathostservices.com\/index.php\/wp-json\/wp\/v2\/media?parent=125"}],"curies":[{"name":"wp","href":"https:\/\/api.w.org\/{rel}","templated":true}]}}