{"id":123,"date":"2026-03-06T10:43:34","date_gmt":"2026-03-06T10:43:34","guid":{"rendered":"https:\/\/demnathostservices.com\/?page_id=123"},"modified":"2026-04-01T15:15:20","modified_gmt":"2026-04-01T15:15:20","slug":"institutions","status":"publish","type":"page","link":"https:\/\/demnathostservices.com\/index.php\/institutions\/","title":{"rendered":"Institutions"},"content":{"rendered":"\t\t<div data-elementor-type=\"wp-page\" data-elementor-id=\"123\" class=\"elementor elementor-123\">\n\t\t\t\t<div class=\"elementor-element elementor-element-da9e62f e-con-full elementor-hidden-tablet elementor-hidden-mobile e-flex e-con e-parent\" data-id=\"da9e62f\" data-element_type=\"container\" data-e-type=\"container\" data-settings=\"{&quot;background_background&quot;:&quot;slideshow&quot;,&quot;background_slideshow_gallery&quot;:[{&quot;id&quot;:270,&quot;url&quot;:&quot;http:\\\/\\\/demnathostservices.com\\\/wp-content\\\/uploads\\\/2026\\\/04\\\/Gemini_Generated_Image_w4ytiew4ytiew4yt.png&quot;}],&quot;background_slideshow_loop&quot;:&quot;yes&quot;,&quot;background_slideshow_slide_duration&quot;:5000,&quot;background_slideshow_slide_transition&quot;:&quot;fade&quot;,&quot;background_slideshow_transition_duration&quot;:500}\">\n\t\t\t\t<\/div>\n\t\t<div class=\"elementor-element elementor-element-e84a173 e-con-full elementor-hidden-desktop e-flex e-con e-parent\" data-id=\"e84a173\" data-element_type=\"container\" data-e-type=\"container\" data-settings=\"{&quot;background_background&quot;:&quot;slideshow&quot;,&quot;background_slideshow_gallery&quot;:[{&quot;id&quot;:271,&quot;url&quot;:&quot;http:\\\/\\\/demnathostservices.com\\\/wp-content\\\/uploads\\\/2026\\\/04\\\/Gemini_Generated_Image_sje967sje967sje9.png&quot;}],&quot;background_slideshow_loop&quot;:&quot;yes&quot;,&quot;background_slideshow_slide_duration&quot;:5000,&quot;background_slideshow_slide_transition&quot;:&quot;fade&quot;,&quot;background_slideshow_transition_duration&quot;:500}\">\n\t\t\t\t<\/div>\n\t\t<div class=\"elementor-element elementor-element-218fe94 e-con-full e-flex e-con e-parent\" data-id=\"218fe94\" data-element_type=\"container\" data-e-type=\"container\">\n\t\t\t\t<div class=\"elementor-element elementor-element-06bdad8 elementor-widget elementor-widget-html\" data-id=\"06bdad8\" data-element_type=\"widget\" data-e-type=\"widget\" data-widget_type=\"html.default\">\n\t\t\t\t\t<div style=\"font-family: Arial, sans-serif; max-width: 100%; margin: 0 auto;\">\n  <div style=\"display:flex; align-items:center; gap:14px; margin-bottom:14px; flex-wrap:wrap;\">\n    <div style=\"width:18px; height:18px; background:#5b8f68; transform:rotate(45deg); flex:0 0 auto;\"><\/div>\n    <h2 style=\"margin:0; color:#5b8f68; font-size:clamp(28px, 4vw, 54px); font-weight:700; line-height:1.1;\">\n      Qui Nous Accompagnons ?\n    <\/h2>\n  <\/div>\n\n  <div style=\"height:3px; background:#7faa86; margin-bottom:28px;\"><\/div>\n\n  <div style=\"\n    display:grid;\n    grid-template-columns:repeat(auto-fit, minmax(260px, 1fr));\n    gap:24px;\n  \">\n    <div style=\"background:#ddd2bc; border-radius:20px 20px 0 0; overflow:hidden; min-height:340px; display:flex; flex-direction:column; justify-content:space-between;\">\n      <div style=\"padding:28px 24px 20px;\">\n        <h3 style=\"margin:0 0 28px; color:#9b3f2d; font-size:clamp(26px, 2vw, 32px); font-weight:700; line-height:1.2;\">\n          Associations\n        <\/h3>\n        <p style=\"margin:0; color:#1f1f1f; font-size:clamp(20px, 1.5vw, 26px); line-height:1.45;\">\n          S\u00e9jours sociaux, culturels ou \u00e0 destination des jeunes. Logistique compl\u00e8te et encadr\u00e9e.\n        <\/p>\n      <\/div>\n      <div style=\"height:14px; background:#9b3f2d;\"><\/div>\n    <\/div>\n\n    <div style=\"background:#ddd2bc; border-radius:20px 20px 0 0; overflow:hidden; min-height:340px; display:flex; flex-direction:column; justify-content:space-between;\">\n      <div style=\"padding:28px 24px 20px;\">\n        <h3 style=\"margin:0 0 28px; color:#1f3766; font-size:clamp(26px, 2vw, 32px); font-weight:700; line-height:1.2;\">\n          \u00c9tablissements Scolaires\n        <\/h3>\n        <p style=\"margin:0; color:#1f1f1f; font-size:clamp(20px, 1.5vw, 26px); line-height:1.45;\">\n          Voyages p\u00e9dagogiques, culturels ou de d\u00e9couverte avec s\u00e9curit\u00e9 et dignit\u00e9 garanties.\n        <\/p>\n      <\/div>\n      <div style=\"height:14px; background:#1f3766;\"><\/div>\n    <\/div>\n\n    <div style=\"background:#ddd2bc; border-radius:20px 20px 0 0; overflow:hidden; min-height:340px; display:flex; flex-direction:column; justify-content:space-between;\">\n      <div style=\"padding:28px 24px 20px;\">\n        <h3 style=\"margin:0 0 28px; color:#5b8f68; font-size:clamp(26px, 2vw, 32px); font-weight:700; line-height:1.2;\">\n          Structures M\u00e9dico-Sociales\n        <\/h3>\n        <p style=\"margin:0; color:#1f1f1f; font-size:clamp(20px, 1.5vw, 26px); line-height:1.45;\">\n          Groupes th\u00e9rapeutiques, de rupture ou de r\u00e9insertion n\u00e9cessitant un encadrement adapt\u00e9.\n        <\/p>\n      <\/div>\n      <div style=\"height:14px; background:#5b8f68;\"><\/div>\n    <\/div>\n\n    <div style=\"background:#ddd2bc; border-radius:20px 20px 0 0; overflow:hidden; min-height:340px; display:flex; flex-direction:column; justify-content:space-between;\">\n      <div style=\"padding:28px 24px 20px;\">\n        <h3 style=\"margin:0 0 28px; color:#c5a12d; font-size:clamp(26px, 2vw, 32px); font-weight:700; line-height:1.2;\">\n          Partenaires Priv\u00e9s\n        <\/h3>\n        <p style=\"margin:0; color:#1f1f1f; font-size:clamp(20px, 1.5vw, 26px); line-height:1.45;\">\n          S\u00e9minaires d'entreprise \u00e0 forte dimension culturelle ou solidaire.\n        <\/p>\n      <\/div>\n      <div style=\"height:14px; background:#c5a12d;\"><\/div>\n    <\/div>\n  <\/div>\n<\/div>\t\t\t\t<\/div>\n\t\t\t\t<div class=\"elementor-element elementor-element-42efcb2 elementor-widget elementor-widget-heading\" data-id=\"42efcb2\" data-element_type=\"widget\" data-e-type=\"widget\" data-widget_type=\"heading.default\">\n\t\t\t\t\t<h1 class=\"elementor-heading-title elementor-size-default\">Prise en Charge Globale \u00ab De l'A\u00e9roport \u00e0 l'A\u00e9roport \u00bb<\/h1>\t\t\t\t<\/div>\n\t\t\t\t<div class=\"elementor-element elementor-element-b7b35db elementor-icon-list--layout-traditional elementor-list-item-link-full_width elementor-widget elementor-widget-icon-list\" data-id=\"b7b35db\" data-element_type=\"widget\" data-e-type=\"widget\" data-widget_type=\"icon-list.default\">\n\t\t\t\t\t\t\t<ul class=\"elementor-icon-list-items\">\n\t\t\t\t\t\t\t<li class=\"elementor-icon-list-item\">\n\t\t\t\t\t\t\t\t\t\t\t<span class=\"elementor-icon-list-icon\">\n\t\t\t\t\t\t\t<svg aria-hidden=\"true\" class=\"e-font-icon-svg e-fas-check\" viewBox=\"0 0 512 512\" xmlns=\"http:\/\/www.w3.org\/2000\/svg\"><path d=\"M173.898 439.404l-166.4-166.4c-9.997-9.997-9.997-26.206 0-36.204l36.203-36.204c9.997-9.998 26.207-9.998 36.204 0L192 312.69 432.095 72.596c9.997-9.997 26.207-9.997 36.204 0l36.203 36.204c9.997 9.997 9.997 26.206 0 36.204l-294.4 294.401c-9.998 9.997-26.207 9.997-36.204-.001z\"><\/path><\/svg>\t\t\t\t\t\t<\/span>\n\t\t\t\t\t\t\t\t\t\t<span class=\"elementor-icon-list-text\">1. Arriv\u00e9e : Accueil a\u00e9roport &amp; transferts de groupe optimis\u00e9s.<\/span>\n\t\t\t\t\t\t\t\t\t<\/li>\n\t\t\t\t\t\t\t\t<li class=\"elementor-icon-list-item\">\n\t\t\t\t\t\t\t\t\t\t\t<span class=\"elementor-icon-list-icon\">\n\t\t\t\t\t\t\t<svg aria-hidden=\"true\" class=\"e-font-icon-svg e-fas-check\" viewBox=\"0 0 512 512\" xmlns=\"http:\/\/www.w3.org\/2000\/svg\"><path d=\"M173.898 439.404l-166.4-166.4c-9.997-9.997-9.997-26.206 0-36.204l36.203-36.204c9.997-9.998 26.207-9.998 36.204 0L192 312.69 432.095 72.596c9.997-9.997 26.207-9.997 36.204 0l36.203 36.204c9.997 9.997 9.997 26.206 0 36.204l-294.4 294.401c-9.998 9.997-26.207 9.997-36.204-.001z\"><\/path><\/svg>\t\t\t\t\t\t<\/span>\n\t\t\t\t\t\t\t\t\t\t<span class=\"elementor-icon-list-text\">2. H\u00e9bergement : H\u00f4tels, centres ou chez l'habitant selon le confort souhait\u00e9.<\/span>\n\t\t\t\t\t\t\t\t\t<\/li>\n\t\t\t\t\t\t\t\t<li class=\"elementor-icon-list-item\">\n\t\t\t\t\t\t\t\t\t\t\t<span class=\"elementor-icon-list-icon\">\n\t\t\t\t\t\t\t<svg aria-hidden=\"true\" class=\"e-font-icon-svg e-fas-check\" viewBox=\"0 0 512 512\" xmlns=\"http:\/\/www.w3.org\/2000\/svg\"><path d=\"M173.898 439.404l-166.4-166.4c-9.997-9.997-9.997-26.206 0-36.204l36.203-36.204c9.997-9.998 26.207-9.998 36.204 0L192 312.69 432.095 72.596c9.997-9.997 26.207-9.997 36.204 0l36.203 36.204c9.997 9.997 9.997 26.206 0 36.204l-294.4 294.401c-9.998 9.997-26.207 9.997-36.204-.001z\"><\/path><\/svg>\t\t\t\t\t\t<\/span>\n\t\t\t\t\t\t\t\t\t\t<span class=\"elementor-icon-list-text\">3. Restauration : Repas adapt\u00e9s, r\u00e9gimes sp\u00e9cifiques, lieux de confiance.<\/span>\n\t\t\t\t\t\t\t\t\t<\/li>\n\t\t\t\t\t\t\t\t<li class=\"elementor-icon-list-item\">\n\t\t\t\t\t\t\t\t\t\t\t<span class=\"elementor-icon-list-icon\">\n\t\t\t\t\t\t\t<svg aria-hidden=\"true\" class=\"e-font-icon-svg e-fas-check\" viewBox=\"0 0 512 512\" xmlns=\"http:\/\/www.w3.org\/2000\/svg\"><path d=\"M173.898 439.404l-166.4-166.4c-9.997-9.997-9.997-26.206 0-36.204l36.203-36.204c9.997-9.998 26.207-9.998 36.204 0L192 312.69 432.095 72.596c9.997-9.997 26.207-9.997 36.204 0l36.203 36.204c9.997 9.997 9.997 26.206 0 36.204l-294.4 294.401c-9.998 9.997-26.207 9.997-36.204-.001z\"><\/path><\/svg>\t\t\t\t\t\t<\/span>\n\t\t\t\t\t\t\t\t\t\t<span class=\"elementor-icon-list-text\">4. Activit\u00e9s : Culturelles, solidaires ou sportives en lien avec le projet.<\/span>\n\t\t\t\t\t\t\t\t\t<\/li>\n\t\t\t\t\t\t\t\t<li class=\"elementor-icon-list-item\">\n\t\t\t\t\t\t\t\t\t\t\t<span class=\"elementor-icon-list-icon\">\n\t\t\t\t\t\t\t<svg aria-hidden=\"true\" class=\"e-font-icon-svg e-fas-check\" viewBox=\"0 0 512 512\" xmlns=\"http:\/\/www.w3.org\/2000\/svg\"><path d=\"M173.898 439.404l-166.4-166.4c-9.997-9.997-9.997-26.206 0-36.204l36.203-36.204c9.997-9.998 26.207-9.998 36.204 0L192 312.69 432.095 72.596c9.997-9.997 26.207-9.997 36.204 0l36.203 36.204c9.997 9.997 9.997 26.206 0 36.204l-294.4 294.401c-9.998 9.997-26.207 9.997-36.204-.001z\"><\/path><\/svg>\t\t\t\t\t\t<\/span>\n\t\t\t\t\t\t\t\t\t\t<span class=\"elementor-icon-list-text\">5. D\u00e9part : Accompagnement jusqu'aux formalit\u00e9s de retour.<\/span>\n\t\t\t\t\t\t\t\t\t<\/li>\n\t\t\t\t\t\t<\/ul>\n\t\t\t\t\t\t<\/div>\n\t\t\t\t<\/div>\n\t\t<div class=\"elementor-element elementor-element-e425529 e-flex e-con-boxed e-con e-parent\" data-id=\"e425529\" data-element_type=\"container\" data-e-type=\"container\">\n\t\t\t\t\t<div class=\"e-con-inner\">\n\t\t\t\t<div class=\"elementor-element elementor-element-a8b543f elementor-widget elementor-widget-html\" data-id=\"a8b543f\" data-element_type=\"widget\" data-e-type=\"widget\" data-widget_type=\"html.default\">\n\t\t\t\t\t<div style=\"font-family: Arial, sans-serif; max-width: 100%; margin: 0 auto;\">\n  <div style=\"display:flex; align-items:center; gap:14px; margin-bottom:14px; flex-wrap:wrap;\">\n    <div style=\"width:18px; height:18px; background:#c4a028; transform:rotate(45deg); flex:0 0 auto;\"><\/div>\n    <h2 style=\"margin:0; color:#c4a028; font-size:clamp(28px, 4vw, 54px); font-weight:700; line-height:1.1;\">\n      Nos Engagements Envers Chaque Groupe\n    <\/h2>\n  <\/div>\n\n  <div style=\"height:3px; background:#c4a028; margin-bottom:28px;\"><\/div>\n\n  <div style=\"\n    display:grid;\n    grid-template-columns:repeat(auto-fit, minmax(280px, 1fr));\n    gap:36px;\n  \">\n    <div style=\"background:#e6dfd2; border-radius:0 0 20px 20px; overflow:hidden; min-height:280px;\">\n      <div style=\"height:14px; background:#9b3f2d;\"><\/div>\n      <div style=\"padding:28px 28px 30px;\">\n        <h3 style=\"margin:0 0 34px; color:#9b3f2d; font-size:clamp(28px, 2vw, 34px); font-weight:700; line-height:1.2;\">\n          Partenaires Fiables\n        <\/h3>\n        <p style=\"margin:0; color:#6f6f6f; font-size:clamp(22px, 1.7vw, 28px); line-height:1.45; font-weight:500;\">\n          Nous travaillons exclusivement avec des prestataires locaux s\u00e9rieux pour garantir la s\u00e9curit\u00e9 absolue.\n        <\/p>\n      <\/div>\n    <\/div>\n\n    <div style=\"background:#e6dfd2; border-radius:0 0 20px 20px; overflow:hidden; min-height:280px;\">\n      <div style=\"height:14px; background:#1f3766;\"><\/div>\n      <div style=\"padding:28px 28px 30px;\">\n        <h3 style=\"margin:0 0 34px; color:#1f3766; font-size:clamp(28px, 2vw, 34px); font-weight:700; line-height:1.2;\">\n          H\u00e9bergements Dignes\n        <\/h3>\n        <p style=\"margin:0; color:#6f6f6f; font-size:clamp(22px, 1.7vw, 28px); line-height:1.45; font-weight:500;\">\n          Des conditions d'accueil garantissant la s\u00e9curit\u00e9, la dignit\u00e9 et l'ouverture culturelle.\n        <\/p>\n      <\/div>\n    <\/div>\n\n    <div style=\"background:#e6dfd2; border-radius:0 0 20px 20px; overflow:hidden; min-height:280px;\">\n      <div style=\"height:14px; background:#5b8f68;\"><\/div>\n      <div style=\"padding:28px 28px 30px;\">\n        <h3 style=\"margin:0 0 34px; color:#5b8f68; font-size:clamp(28px, 2vw, 34px); font-weight:700; line-height:1.2;\">\n          Impact Authentique\n        <\/h3>\n        <p style=\"margin:0; color:#6f6f6f; font-size:clamp(22px, 1.7vw, 28px); line-height:1.45; font-weight:500;\">\n          Des exp\u00e9riences solidaires respectueuses de l'environnement local et de ses habitants.\n        <\/p>\n      <\/div>\n    <\/div>\n  <\/div>\n<\/div>\t\t\t\t<\/div>\n\t\t\t\t\t<\/div>\n\t\t\t\t<\/div>\n\t\t\t\t<\/div>\n\t\t","protected":false},"excerpt":{"rendered":"<p>Qui Nous Accompagnons ? Associations S\u00e9jours sociaux, culturels ou \u00e0 destination des jeunes. Logistique compl\u00e8te et encadr\u00e9e. \u00c9tablissements Scolaires Voyages [&hellip;]<\/p>\n","protected":false},"author":1,"featured_media":0,"parent":0,"menu_order":0,"comment_status":"closed","ping_status":"closed","template":"elementor_header_footer","meta":{"site-sidebar-layout":"no-sidebar","site-content-layout":"","ast-site-content-layout":"full-width-container","site-content-style":"default","site-sidebar-style":"default","ast-global-header-display":"","ast-banner-title-visibility":"","ast-main-header-display":"","ast-hfb-above-header-display":"","ast-hfb-below-header-display":"","ast-hfb-mobile-header-display":"","site-post-title":"","ast-breadcrumbs-content":"","ast-featured-img":"disabled","footer-sml-layout":"","ast-disable-related-posts":"","theme-transparent-header-meta":"","adv-header-id-meta":"","stick-header-meta":"","header-above-stick-meta":"","header-main-stick-meta":"","header-below-stick-meta":"","astra-migrate-meta-layouts":"default","ast-page-background-enabled":"default","ast-page-background-meta":{"desktop":{"background-color":"var(--ast-global-color-5)","background-image":"","background-repeat":"repeat","background-position":"center center","background-size":"auto","background-attachment":"scroll","background-type":"","background-media":"","overlay-type":"","overlay-color":"","overlay-opacity":"","overlay-gradient":""},"tablet":{"background-color":"","background-image":"","background-repeat":"repeat","background-position":"center center","background-size":"auto","background-attachment":"scroll","background-type":"","background-media":"","overlay-type":"","overlay-color":"","overlay-opacity":"","overlay-gradient":""},"mobile":{"background-color":"","background-image":"","background-repeat":"repeat","background-position":"center center","background-size":"auto","background-attachment":"scroll","background-type":"","background-media":"","overlay-type":"","overlay-color":"","overlay-opacity":"","overlay-gradient":""}},"ast-content-background-meta":{"desktop":{"background-color":"var(--ast-global-color-4)","background-image":"","background-repeat":"repeat","background-position":"center center","background-size":"auto","background-attachment":"scroll","background-type":"","background-media":"","overlay-type":"","overlay-color":"","overlay-opacity":"","overlay-gradient":""},"tablet":{"background-color":"var(--ast-global-color-4)","background-image":"","background-repeat":"repeat","background-position":"center center","background-size":"auto","background-attachment":"scroll","background-type":"","background-media":"","overlay-type":"","overlay-color":"","overlay-opacity":"","overlay-gradient":""},"mobile":{"background-color":"var(--ast-global-color-4)","background-image":"","background-repeat":"repeat","background-position":"center center","background-size":"auto","background-attachment":"scroll","background-type":"","background-media":"","overlay-type":"","overlay-color":"","overlay-opacity":"","overlay-gradient":""}},"footnotes":""},"class_list":["post-123","page","type-page","status-publish","hentry"],"_links":{"self":[{"href":"https:\/\/demnathostservices.com\/index.php\/wp-json\/wp\/v2\/pages\/123","targetHints":{"allow":["GET"]}}],"collection":[{"href":"https:\/\/demnathostservices.com\/index.php\/wp-json\/wp\/v2\/pages"}],"about":[{"href":"https:\/\/demnathostservices.com\/index.php\/wp-json\/wp\/v2\/types\/page"}],"author":[{"embeddable":true,"href":"https:\/\/demnathostservices.com\/index.php\/wp-json\/wp\/v2\/users\/1"}],"replies":[{"embeddable":true,"href":"https:\/\/demnathostservices.com\/index.php\/wp-json\/wp\/v2\/comments?post=123"}],"version-history":[{"count":7,"href":"https:\/\/demnathostservices.com\/index.php\/wp-json\/wp\/v2\/pages\/123\/revisions"}],"predecessor-version":[{"id":278,"href":"https:\/\/demnathostservices.com\/index.php\/wp-json\/wp\/v2\/pages\/123\/revisions\/278"}],"wp:attachment":[{"href":"https:\/\/demnathostservices.com\/index.php\/wp-json\/wp\/v2\/media?parent=123"}],"curies":[{"name":"wp","href":"https:\/\/api.w.org\/{rel}","templated":true}]}}